{"id":1223,"date":"2022-01-18T12:09:54","date_gmt":"2022-01-18T11:09:54","guid":{"rendered":"https:\/\/diet-distribution.re\/lundi17bis\/?page_id=1223"},"modified":"2022-01-19T07:32:48","modified_gmt":"2022-01-19T06:32:48","slug":"presentation","status":"publish","type":"page","link":"https:\/\/diet-distribution.re\/lundi17bis\/presentation\/","title":{"rendered":"Pr\u00e9sentation"},"content":{"rendered":"\n<p>Vous pouvez y trouver ici les illustrations compl\u00e8tes, des croquis , du character design au background mais aussi les pages de son webcomic&nbsp; \u201cMely et compagnie\u201d .Une jeune fille et ses amis voient leur quotidien perturb\u00e9 par une sorci\u00e8re qui voulait juste qu\u2019on lui d\u00e9place un meuble<\/p>\n\n\n\n<p>\u25ab\ufe0fHi \u2728<\/p>\n\n\n\n<p>J\u2019ai laiss\u00e9e mon imagination vagabonder dans mon carnet \ud83d\udcd2&nbsp;<\/p>\n\n\n\n<p>D\u00e9s dessin \u00e0 l&rsquo;aquarelle et au feutre noire \ud83c\udf0c<\/p>\n\n\n\n<p>Vous pouvez me retrouver sur Instagram avec des dessins <strong>exclusifs <\/strong>!!!&nbsp;<\/p>\n\n\n\n<p><strong><em>\u27a1\ufe0f@illusmelo<\/em><\/strong><\/p>\n\n\n\n<p><br><\/p>\n\n\n\n<p>\u25fb\ufe0f&nbsp; &nbsp; Bonjour \ud83d\udc4b&nbsp;<\/p>\n\n\n\n<p>\u2728<strong>Djaz art <\/strong>&nbsp;art vous souhaite une&nbsp; Bonn Ann\u00e9e \ud83c\udf89et Bonn Sant\u00e9 \ud83e\udd42&nbsp;<\/p>\n\n\n\n<p>\u2728Pour cette nouvelle ann\u00e9e nous vous proposons un nouveau design&nbsp;<\/p>\n\n\n\n<p>&nbsp;&nbsp;&nbsp;&nbsp;&nbsp;&nbsp;&nbsp;&nbsp;&nbsp;&nbsp;&nbsp;&nbsp;&nbsp;&nbsp;&nbsp;&nbsp;&nbsp;&nbsp;&nbsp;&nbsp;&nbsp;&nbsp;&nbsp;&nbsp;&nbsp;&nbsp;&nbsp;&nbsp;&nbsp;&nbsp;&nbsp;&nbsp;&nbsp;&nbsp;&nbsp;&nbsp;&nbsp;&nbsp;&nbsp;&nbsp;<strong><em>sp\u00e9cial mari\u00e9e <\/em><\/strong><strong><em>\ud83d\udc70\ud83c\udffe\u200d\u2640\ufe0f<\/em><\/strong><\/p>\n\n\n\n<p><strong><em>\ud83d\udcde0693 45 43 42<\/em><\/strong><\/p>\n\n\n\n<p><strong><em>\ud83d\udda5Hennespmariee@hotmail.com<\/em><\/strong><\/p>\n\n\n\n<p>#henn\u00e9 #bonneannee #2022 #sp\u00e9cialmari\u00e9e&nbsp;<\/p>\n\n\n\n<p>\u25ab\ufe0fHi \u2728<\/p>\n\n\n\n<p>J\u2019ai laiss\u00e9e mon imagination vagabonder dans mon carnet \ud83d\udcd2&nbsp;<\/p>\n\n\n\n<p>D\u00e9s dessin \u00e0 l&rsquo;aquarelle et au feutre noire \ud83c\udf0c<\/p>\n\n\n\n<p>Vous pouvez me retrouver sur Instagram avec des dessins <strong>exclusifs <\/strong>!!!&nbsp;<\/p>\n\n\n\n<p><strong><em>\u27a1\ufe0f@illusmelo<\/em><\/strong><\/p>\n\n\n\n<p>\u2796\u2796\u2796\u2b50\ufe0f\u2796\u2796\u2796\u2796\u2796\u2796\u2b50\ufe0f\u2796\u2796\u2796\u2796\u2796\u2796\u2b50\ufe0f\u2796\u2796\u2796\u2796\u2796\u2796\u2b50\ufe0f\u2796\u2796\u2796\u2796\u2796<\/p>\n\n\n\n<p>#croquis #sketchbookdrawing #aquarelle #croquiscarnet #feutrenoire #graphique #dessin #myart #doodle #traditionelart&nbsp;<\/p>\n\n\n\n<p><br><\/p>\n\n\n\n<h2>fille au bain pr\u00e9sentation <\/h2>\n\n\n\n<p><br>Gr\u00e2ce \u00e0 son travaille elle \u00e0 pus entr\u00e9e dans l\u2019\u00e9cole ILOA la o\u00f9 elle \u00e0 fait 3 ans d&rsquo;\u00e9tudes, puis elle monte dans le nord en Am\u00e9rique pour travailler dans les studios Walt Disney Animation pour encha\u00eener avec Cartoon Network et derni\u00e8rement avec les studio Netflix finalement plus pr\u00eate que jamais elle d\u00e9cide de ce lancer dans le grand bain du pr\u00e9sentation &nbsp; et r\u00e9alise son r\u00eave de devenir illustratrice&nbsp;<\/p>\n\n\n\n<p>Elle travail pr\u00e9sentation sur mon iPad avec l\u2019application procreate et aussi au traditionnel au crayon de couleur \u00e0 l\u2019aquarelle , ses principaux domaines d\u2019intervention sont la publicit\u00e9 l\u2019\u00e9dition et le web , je peut prendre \u00e9galement des requ\u00eates personnalis\u00e9es&nbsp;<\/p>\n\n\n\n<p>&nbsp;Sans compter que elle poss\u00e8de une boutique en ligne o\u00f9 se vent&nbsp; des autocollants,porte cl\u00e9 et carnet , notamment vous pouvez trouver mes brush qu\u2019elle utilise sur procreate&nbsp;<\/p>\n\n\n\n<p><strong>jaz art <\/strong>\u00a0art vous souhaite  pr\u00e9sentation pr\u00e9sentation pr\u00e9sentation <\/p>\n\n\n\n<blockquote class=\"wp-block-quote\"><p><a href=\"https:\/\/www.harpygee.com\">https:\/\/www.harpygee.com<\/a><\/p><\/blockquote>\n\n\n\n<figure class=\"wp-block-image size-large\"><a href=\"https:\/\/diet-distribution.re\/lundi17bis\/wp-content\/uploads\/2022\/01\/68EC252C-D556-419D-9B54-F376A8833AFF.jpeg\"><img loading=\"lazy\" width=\"1024\" height=\"734\" src=\"https:\/\/diet-distribution.re\/lundi17bis\/wp-content\/uploads\/2022\/01\/68EC252C-D556-419D-9B54-F376A8833AFF-1024x734.jpeg\" alt=\"Pr\u00e9sentation croquis \" class=\"wp-image-1239\" srcset=\"https:\/\/diet-distribution.re\/lundi17bis\/wp-content\/uploads\/2022\/01\/68EC252C-D556-419D-9B54-F376A8833AFF-1024x734.jpeg 1024w, https:\/\/diet-distribution.re\/lundi17bis\/wp-content\/uploads\/2022\/01\/68EC252C-D556-419D-9B54-F376A8833AFF-300x215.jpeg 300w, https:\/\/diet-distribution.re\/lundi17bis\/wp-content\/uploads\/2022\/01\/68EC252C-D556-419D-9B54-F376A8833AFF-768x550.jpeg 768w, https:\/\/diet-distribution.re\/lundi17bis\/wp-content\/uploads\/2022\/01\/68EC252C-D556-419D-9B54-F376A8833AFF-1536x1101.jpeg 1536w, https:\/\/diet-distribution.re\/lundi17bis\/wp-content\/uploads\/2022\/01\/68EC252C-D556-419D-9B54-F376A8833AFF.jpeg 1641w\" sizes=\"(max-width: 1024px) 100vw, 1024px\" \/><\/a><figcaption>Croquis pr\u00e9sentation <\/figcaption><\/figure>\n","protected":false},"excerpt":{"rendered":"<p>Vous pouvez y trouver ici les illustrations compl\u00e8tes, des croquis , du character design au background mais aussi les pages de son webcomic&nbsp; \u201cMely et compagnie\u201d .Une jeune fille et &#8230;<\/p>\n","protected":false},"author":1,"featured_media":0,"parent":0,"menu_order":0,"comment_status":"closed","ping_status":"closed","template":"","meta":[],"yoast_head":"<!-- This site is optimized with the Yoast SEO plugin v17.9 - https:\/\/yoast.com\/wordpress\/plugins\/seo\/ -->\n<title>Pr\u00e9sentation - Illusmelo<\/title>\n<meta name=\"robots\" content=\"index, follow, max-snippet:-1, max-image-preview:large, max-video-preview:-1\" \/>\n<link rel=\"canonical\" href=\"https:\/\/diet-distribution.re\/lundi17bis\/presentation\/\" \/>\n<meta property=\"og:locale\" content=\"fr_FR\" \/>\n<meta property=\"og:type\" content=\"article\" \/>\n<meta property=\"og:title\" content=\"Pr\u00e9sentation - Illusmelo\" \/>\n<meta property=\"og:description\" content=\"Vous pouvez y trouver ici les illustrations compl\u00e8tes, des croquis , du character design au background mais aussi les pages de son webcomic&nbsp; \u201cMely et compagnie\u201d .Une jeune fille et ...\" \/>\n<meta property=\"og:url\" content=\"https:\/\/diet-distribution.re\/lundi17bis\/presentation\/\" \/>\n<meta property=\"og:site_name\" content=\"Illusmelo\" \/>\n<meta property=\"article:modified_time\" content=\"2022-01-19T06:32:48+00:00\" \/>\n<meta property=\"og:image\" content=\"https:\/\/diet-distribution.re\/lundi17bis\/wp-content\/uploads\/2022\/01\/68EC252C-D556-419D-9B54-F376A8833AFF-1024x734.jpeg\" \/>\n<meta name=\"twitter:label1\" content=\"Dur\u00e9e de lecture estim\u00e9e\" \/>\n\t<meta name=\"twitter:data1\" content=\"2 minutes\" \/>\n<script type=\"application\/ld+json\" class=\"yoast-schema-graph\">{\"@context\":\"https:\/\/schema.org\",\"@graph\":[{\"@type\":\"WebSite\",\"@id\":\"https:\/\/diet-distribution.re\/lundi17bis\/#website\",\"url\":\"https:\/\/diet-distribution.re\/lundi17bis\/\",\"name\":\"Illusmelo\",\"description\":\"Un dessin qui vous fera r\\u00eaver \",\"potentialAction\":[{\"@type\":\"SearchAction\",\"target\":{\"@type\":\"EntryPoint\",\"urlTemplate\":\"https:\/\/diet-distribution.re\/lundi17bis\/?s={search_term_string}\"},\"query-input\":\"required name=search_term_string\"}],\"inLanguage\":\"fr-FR\"},{\"@type\":\"ImageObject\",\"@id\":\"https:\/\/diet-distribution.re\/lundi17bis\/presentation\/#primaryimage\",\"inLanguage\":\"fr-FR\",\"url\":\"https:\/\/diet-distribution.re\/lundi17bis\/wp-content\/uploads\/2022\/01\/68EC252C-D556-419D-9B54-F376A8833AFF.jpeg\",\"contentUrl\":\"https:\/\/diet-distribution.re\/lundi17bis\/wp-content\/uploads\/2022\/01\/68EC252C-D556-419D-9B54-F376A8833AFF.jpeg\",\"width\":1641,\"height\":1176,\"caption\":\"Croquis pr\\u00e9sentation\"},{\"@type\":\"WebPage\",\"@id\":\"https:\/\/diet-distribution.re\/lundi17bis\/presentation\/#webpage\",\"url\":\"https:\/\/diet-distribution.re\/lundi17bis\/presentation\/\",\"name\":\"Pr\\u00e9sentation - Illusmelo\",\"isPartOf\":{\"@id\":\"https:\/\/diet-distribution.re\/lundi17bis\/#website\"},\"primaryImageOfPage\":{\"@id\":\"https:\/\/diet-distribution.re\/lundi17bis\/presentation\/#primaryimage\"},\"datePublished\":\"2022-01-18T11:09:54+00:00\",\"dateModified\":\"2022-01-19T06:32:48+00:00\",\"breadcrumb\":{\"@id\":\"https:\/\/diet-distribution.re\/lundi17bis\/presentation\/#breadcrumb\"},\"inLanguage\":\"fr-FR\",\"potentialAction\":[{\"@type\":\"ReadAction\",\"target\":[\"https:\/\/diet-distribution.re\/lundi17bis\/presentation\/\"]}]},{\"@type\":\"BreadcrumbList\",\"@id\":\"https:\/\/diet-distribution.re\/lundi17bis\/presentation\/#breadcrumb\",\"itemListElement\":[{\"@type\":\"ListItem\",\"position\":1,\"name\":\"Accueil\",\"item\":\"https:\/\/diet-distribution.re\/lundi17bis\/home\/\"},{\"@type\":\"ListItem\",\"position\":2,\"name\":\"Pr\\u00e9sentation\"}]}]}<\/script>\n<!-- \/ Yoast SEO plugin. -->","yoast_head_json":{"title":"Pr\u00e9sentation - Illusmelo","robots":{"index":"index","follow":"follow","max-snippet":"max-snippet:-1","max-image-preview":"max-image-preview:large","max-video-preview":"max-video-preview:-1"},"canonical":"https:\/\/diet-distribution.re\/lundi17bis\/presentation\/","og_locale":"fr_FR","og_type":"article","og_title":"Pr\u00e9sentation - Illusmelo","og_description":"Vous pouvez y trouver ici les illustrations compl\u00e8tes, des croquis , du character design au background mais aussi les pages de son webcomic&nbsp; \u201cMely et compagnie\u201d .Une jeune fille et ...","og_url":"https:\/\/diet-distribution.re\/lundi17bis\/presentation\/","og_site_name":"Illusmelo","article_modified_time":"2022-01-19T06:32:48+00:00","og_image":[{"url":"https:\/\/diet-distribution.re\/lundi17bis\/wp-content\/uploads\/2022\/01\/68EC252C-D556-419D-9B54-F376A8833AFF-1024x734.jpeg"}],"twitter_misc":{"Dur\u00e9e de lecture estim\u00e9e":"2 minutes"},"schema":{"@context":"https:\/\/schema.org","@graph":[{"@type":"WebSite","@id":"https:\/\/diet-distribution.re\/lundi17bis\/#website","url":"https:\/\/diet-distribution.re\/lundi17bis\/","name":"Illusmelo","description":"Un dessin qui vous fera r\u00eaver ","potentialAction":[{"@type":"SearchAction","target":{"@type":"EntryPoint","urlTemplate":"https:\/\/diet-distribution.re\/lundi17bis\/?s={search_term_string}"},"query-input":"required name=search_term_string"}],"inLanguage":"fr-FR"},{"@type":"ImageObject","@id":"https:\/\/diet-distribution.re\/lundi17bis\/presentation\/#primaryimage","inLanguage":"fr-FR","url":"https:\/\/diet-distribution.re\/lundi17bis\/wp-content\/uploads\/2022\/01\/68EC252C-D556-419D-9B54-F376A8833AFF.jpeg","contentUrl":"https:\/\/diet-distribution.re\/lundi17bis\/wp-content\/uploads\/2022\/01\/68EC252C-D556-419D-9B54-F376A8833AFF.jpeg","width":1641,"height":1176,"caption":"Croquis pr\u00e9sentation"},{"@type":"WebPage","@id":"https:\/\/diet-distribution.re\/lundi17bis\/presentation\/#webpage","url":"https:\/\/diet-distribution.re\/lundi17bis\/presentation\/","name":"Pr\u00e9sentation - Illusmelo","isPartOf":{"@id":"https:\/\/diet-distribution.re\/lundi17bis\/#website"},"primaryImageOfPage":{"@id":"https:\/\/diet-distribution.re\/lundi17bis\/presentation\/#primaryimage"},"datePublished":"2022-01-18T11:09:54+00:00","dateModified":"2022-01-19T06:32:48+00:00","breadcrumb":{"@id":"https:\/\/diet-distribution.re\/lundi17bis\/presentation\/#breadcrumb"},"inLanguage":"fr-FR","potentialAction":[{"@type":"ReadAction","target":["https:\/\/diet-distribution.re\/lundi17bis\/presentation\/"]}]},{"@type":"BreadcrumbList","@id":"https:\/\/diet-distribution.re\/lundi17bis\/presentation\/#breadcrumb","itemListElement":[{"@type":"ListItem","position":1,"name":"Accueil","item":"https:\/\/diet-distribution.re\/lundi17bis\/home\/"},{"@type":"ListItem","position":2,"name":"Pr\u00e9sentation"}]}]}},"_links":{"self":[{"href":"https:\/\/diet-distribution.re\/lundi17bis\/wp-json\/wp\/v2\/pages\/1223"}],"collection":[{"href":"https:\/\/diet-distribution.re\/lundi17bis\/wp-json\/wp\/v2\/pages"}],"about":[{"href":"https:\/\/diet-distribution.re\/lundi17bis\/wp-json\/wp\/v2\/types\/page"}],"author":[{"embeddable":true,"href":"https:\/\/diet-distribution.re\/lundi17bis\/wp-json\/wp\/v2\/users\/1"}],"replies":[{"embeddable":true,"href":"https:\/\/diet-distribution.re\/lundi17bis\/wp-json\/wp\/v2\/comments?post=1223"}],"version-history":[{"count":3,"href":"https:\/\/diet-distribution.re\/lundi17bis\/wp-json\/wp\/v2\/pages\/1223\/revisions"}],"predecessor-version":[{"id":1253,"href":"https:\/\/diet-distribution.re\/lundi17bis\/wp-json\/wp\/v2\/pages\/1223\/revisions\/1253"}],"wp:attachment":[{"href":"https:\/\/diet-distribution.re\/lundi17bis\/wp-json\/wp\/v2\/media?parent=1223"}],"curies":[{"name":"wp","href":"https:\/\/api.w.org\/{rel}","templated":true}]}}